{"id":5802,"date":"2023-03-27T19:43:06","date_gmt":"2023-03-27T17:43:06","guid":{"rendered":"https:\/\/pancretatransfers.com\/?page_id=5802"},"modified":"2023-04-30T17:08:07","modified_gmt":"2023-04-30T15:08:07","slug":"la-empresa","status":"publish","type":"page","link":"https:\/\/pancretatransfers.com\/es\/la-empresa\/","title":{"rendered":"LA EMPRESA"},"content":{"rendered":"\t\t<div data-elementor-type=\"wp-page\" data-elementor-id=\"5802\" class=\"elementor elementor-5802 elementor-4524\" data-elementor-post-type=\"page\">\n\t\t\t\t\t\t<section class=\"elementor-section elementor-top-section elementor-element elementor-element-3db1b3a elementor-section-boxed elementor-section-height-default elementor-section-height-default\" data-id=\"3db1b3a\" data-element_type=\"section\" data-settings=\"{&quot;jet_parallax_layout_list&quot;:[]}\">\n\t\t\t\t\t\t\t<div class=\"elementor-background-overlay\"><\/div>\n\t\t\t\t\t\t\t<div class=\"elementor-container elementor-column-gap-default\">\n\t\t\t\t\t<div class=\"elementor-column elementor-col-50 elementor-top-column elementor-element elementor-element-675b44e\" data-id=\"675b44e\" data-element_type=\"column\">\n\t\t\t<div class=\"elementor-widget-wrap elementor-element-populated\">\n\t\t\t\t\t\t<div class=\"elementor-element elementor-element-6ae006d elementor-widget elementor-widget-image\" data-id=\"6ae006d\" data-element_type=\"widget\" data-widget_type=\"image.default\">\n\t\t\t\t<div class=\"elementor-widget-container\">\n\t\t\t\t\t\t\t\t\t\t\t\t\t\t\t<img fetchpriority=\"high\" decoding=\"async\" width=\"4096\" height=\"2528\" src=\"https:\/\/pancretatransfers.com\/wp-content\/uploads\/2023\/04\/viber_image_2023-04-26_08-54-42-067.png\" class=\"attachment-full size-full wp-image-5719\" alt=\"\" srcset=\"https:\/\/pancretatransfers.com\/wp-content\/uploads\/2023\/04\/viber_image_2023-04-26_08-54-42-067.png 4096w, https:\/\/pancretatransfers.com\/wp-content\/uploads\/2023\/04\/viber_image_2023-04-26_08-54-42-067-300x185.png 300w, https:\/\/pancretatransfers.com\/wp-content\/uploads\/2023\/04\/viber_image_2023-04-26_08-54-42-067-1024x632.png 1024w, https:\/\/pancretatransfers.com\/wp-content\/uploads\/2023\/04\/viber_image_2023-04-26_08-54-42-067-768x474.png 768w, https:\/\/pancretatransfers.com\/wp-content\/uploads\/2023\/04\/viber_image_2023-04-26_08-54-42-067-1536x948.png 1536w, https:\/\/pancretatransfers.com\/wp-content\/uploads\/2023\/04\/viber_image_2023-04-26_08-54-42-067-2048x1264.png 2048w\" sizes=\"(max-width: 4096px) 100vw, 4096px\" \/>\t\t\t\t\t\t\t\t\t\t\t\t\t\t\t<\/div>\n\t\t\t\t<\/div>\n\t\t\t\t\t<\/div>\n\t\t<\/div>\n\t\t\t\t<div class=\"elementor-column elementor-col-50 elementor-top-column elementor-element elementor-element-9fc25d2\" data-id=\"9fc25d2\" data-element_type=\"column\">\n\t\t\t<div class=\"elementor-widget-wrap elementor-element-populated\">\n\t\t\t\t\t\t<div class=\"elementor-element elementor-element-1e6472c8 elementor-widget elementor-widget-text-editor\" data-id=\"1e6472c8\" data-element_type=\"widget\" data-widget_type=\"text-editor.default\">\n\t\t\t\t<div class=\"elementor-widget-container\">\n\t\t\t\t\t\t\t\t\t<p>Pancretatransfer es una empresa de transferencias de Creta de alta calidad que ofrece servicios de transferencia de lujo a precios absolutamente asequibles. Se especializa tanto en transporte tur\u00edstico como de negocios en Creta. Combinando profesionalismo pero tambi\u00e9n un enfoque amigable, le prometemos un viaje confiable y placentero.<br \/>Reserve un viaje con una de nuestras minivans privadas y disfrute de un traslado elegante y c\u00f3modo. Nuestros veh\u00edculos modelo de primera l\u00ednea brindan un transporte seguro y supremo en toda Creta.<br \/>Gu\u00edas y conductores tur\u00edsticos profesionales y experimentados est\u00e1n aqu\u00ed para garantizar que reciba servicios de transporte seguros y de alta calidad.<br \/>Conozca la civilizaci\u00f3n m\u00e1s antigua y m\u00e1s antigua de Europa. Visite Knossos y la hist\u00f3rica isla de Spinaloga, conocida por albergar a los leprosos hace m\u00e1s de un siglo.<br \/>Creta est\u00e1 aqu\u00ed y te est\u00e1 esperando.<\/p>\t\t\t\t\t\t\t\t<\/div>\n\t\t\t\t<\/div>\n\t\t\t\t\t<\/div>\n\t\t<\/div>\n\t\t\t\t\t<\/div>\n\t\t<\/section>\n\t\t\t\t<\/div>\n\t\t","protected":false},"excerpt":{"rendered":"<p>Pancretatransfer es una empresa de transferencias de Creta de alta calidad que ofrece servicios de transferencia de lujo a precios absolutamente asequibles. Se especializa tanto en transporte tur\u00edstico como de negocios en Creta. Combinando profesionalismo pero tambi\u00e9n un enfoque amigable, le prometemos un viaje confiable y placentero.Reserve un viaje con una de nuestras minivans privadas [&hellip;]<\/p>\n","protected":false},"author":1,"featured_media":0,"parent":0,"menu_order":0,"comment_status":"closed","ping_status":"closed","template":"","meta":{"_jet_sm_ready_style":"","_jet_sm_style":"","_jet_sm_controls_values":"","_jet_sm_fonts_collection":"","_jet_sm_fonts_links":"","footnotes":""},"class_list":["post-5802","page","type-page","status-publish","hentry"],"_links":{"self":[{"href":"https:\/\/pancretatransfers.com\/es\/wp-json\/wp\/v2\/pages\/5802","targetHints":{"allow":["GET"]}}],"collection":[{"href":"https:\/\/pancretatransfers.com\/es\/wp-json\/wp\/v2\/pages"}],"about":[{"href":"https:\/\/pancretatransfers.com\/es\/wp-json\/wp\/v2\/types\/page"}],"author":[{"embeddable":true,"href":"https:\/\/pancretatransfers.com\/es\/wp-json\/wp\/v2\/users\/1"}],"replies":[{"embeddable":true,"href":"https:\/\/pancretatransfers.com\/es\/wp-json\/wp\/v2\/comments?post=5802"}],"version-history":[{"count":7,"href":"https:\/\/pancretatransfers.com\/es\/wp-json\/wp\/v2\/pages\/5802\/revisions"}],"predecessor-version":[{"id":5828,"href":"https:\/\/pancretatransfers.com\/es\/wp-json\/wp\/v2\/pages\/5802\/revisions\/5828"}],"wp:attachment":[{"href":"https:\/\/pancretatransfers.com\/es\/wp-json\/wp\/v2\/media?parent=5802"}],"curies":[{"name":"wp","href":"https:\/\/api.w.org\/{rel}","templated":true}]}}